{"id":2361,"date":"2025-11-11T16:49:31","date_gmt":"2025-11-11T16:49:31","guid":{"rendered":"https:\/\/cozinhasmicra.com\/?page_id=2361"},"modified":"2025-11-11T16:51:43","modified_gmt":"2025-11-11T16:51:43","slug":"politique-de-qualite","status":"publish","type":"page","link":"https:\/\/cozinhasmicra.com\/fr\/politique-de-qualite\/","title":{"rendered":"Politique de qualit\u00e9"},"content":{"rendered":"\t\t<div data-elementor-type=\"wp-page\" data-elementor-id=\"2361\" class=\"elementor elementor-2361 elementor-2359\">\n\t\t\t\t<div class=\"elementor-element elementor-element-b8d54d2 base-padding e-flex e-con-boxed e-con e-parent\" data-id=\"b8d54d2\" data-element_type=\"container\" data-e-type=\"container\" data-settings=\"{&quot;jet_parallax_layout_list&quot;:[]}\">\n\t\t\t\t\t<div class=\"e-con-inner\">\n\t\t\t\t<div class=\"elementor-element elementor-element-d07974d elementor-widget elementor-widget-heading\" data-id=\"d07974d\" data-element_type=\"widget\" data-e-type=\"widget\" data-widget_type=\"heading.default\">\n\t\t\t\t\t<h1 class=\"elementor-heading-title elementor-size-default\">Politique de qualit\u00e9<\/h1>\t\t\t\t<\/div>\n\t\t\t\t<div class=\"elementor-element elementor-element-58198a6 elementor-widget elementor-widget-text-editor\" data-id=\"58198a6\" data-element_type=\"widget\" data-e-type=\"widget\" data-widget_type=\"text-editor.default\">\n\t\t\t\t\t\t\t\t\t<p>Politique de qualit\u00e9&#8230;<\/p>\t\t\t\t\t\t\t\t<\/div>\n\t\t\t\t\t<\/div>\n\t\t\t\t<\/div>\n\t\t\t\t<\/div>\n\t\t","protected":false},"excerpt":{"rendered":"<p>Politique de qualit\u00e9 Politique de qualit\u00e9&#8230;<\/p>\n","protected":false},"author":1,"featured_media":0,"parent":0,"menu_order":0,"comment_status":"closed","ping_status":"closed","template":"","meta":{"footnotes":""},"class_list":["post-2361","page","type-page","status-publish","hentry"],"yoast_head":"<!-- This site is optimized with the Yoast SEO plugin v27.4 - https:\/\/yoast.com\/product\/yoast-seo-wordpress\/ -->\n<title>Politique de qualit\u00e9 - Cozinhas Micra<\/title>\n<meta name=\"robots\" content=\"index, follow, max-snippet:-1, max-image-preview:large, max-video-preview:-1\" \/>\n<link rel=\"canonical\" href=\"https:\/\/cozinhasmicra.com\/fr\/politique-de-qualite\/\" \/>\n<meta property=\"og:locale\" content=\"fr_FR\" \/>\n<meta property=\"og:type\" content=\"article\" \/>\n<meta property=\"og:title\" content=\"Politique de qualit\u00e9 - Cozinhas Micra\" \/>\n<meta property=\"og:description\" content=\"Politique de qualit\u00e9 Politique de qualit\u00e9&#8230;\" \/>\n<meta property=\"og:url\" content=\"https:\/\/cozinhasmicra.com\/fr\/politique-de-qualite\/\" \/>\n<meta property=\"og:site_name\" content=\"Cozinhas Micra\" \/>\n<meta property=\"article:modified_time\" content=\"2025-11-11T16:51:43+00:00\" \/>\n<meta name=\"twitter:card\" content=\"summary_large_image\" \/>\n<script type=\"application\/ld+json\" class=\"yoast-schema-graph\">{\"@context\":\"https:\\\/\\\/schema.org\",\"@graph\":[{\"@type\":\"WebPage\",\"@id\":\"https:\\\/\\\/cozinhasmicra.com\\\/fr\\\/politique-de-qualite\\\/\",\"url\":\"https:\\\/\\\/cozinhasmicra.com\\\/fr\\\/politique-de-qualite\\\/\",\"name\":\"Politique de qualit\u00e9 - Cozinhas Micra\",\"isPartOf\":{\"@id\":\"https:\\\/\\\/cozinhasmicra.com\\\/fr\\\/#website\"},\"datePublished\":\"2025-11-11T16:49:31+00:00\",\"dateModified\":\"2025-11-11T16:51:43+00:00\",\"breadcrumb\":{\"@id\":\"https:\\\/\\\/cozinhasmicra.com\\\/fr\\\/politique-de-qualite\\\/#breadcrumb\"},\"inLanguage\":\"fr-FR\",\"potentialAction\":[{\"@type\":\"ReadAction\",\"target\":[\"https:\\\/\\\/cozinhasmicra.com\\\/fr\\\/politique-de-qualite\\\/\"]}]},{\"@type\":\"BreadcrumbList\",\"@id\":\"https:\\\/\\\/cozinhasmicra.com\\\/fr\\\/politique-de-qualite\\\/#breadcrumb\",\"itemListElement\":[{\"@type\":\"ListItem\",\"position\":1,\"name\":\"In\u00edcio\",\"item\":\"https:\\\/\\\/cozinhasmicra.com\\\/fr\\\/accueil\\\/\"},{\"@type\":\"ListItem\",\"position\":2,\"name\":\"Politique de qualit\u00e9\"}]},{\"@type\":\"WebSite\",\"@id\":\"https:\\\/\\\/cozinhasmicra.com\\\/fr\\\/#website\",\"url\":\"https:\\\/\\\/cozinhasmicra.com\\\/fr\\\/\",\"name\":\"Cozinhas Micra\",\"description\":\"Criamos espa\u00e7os para viver.\",\"publisher\":{\"@id\":\"https:\\\/\\\/cozinhasmicra.com\\\/fr\\\/#organization\"},\"inLanguage\":\"fr-FR\"},{\"@type\":\"Organization\",\"@id\":\"https:\\\/\\\/cozinhasmicra.com\\\/fr\\\/#organization\",\"name\":\"Cozinhas Micra\",\"url\":\"https:\\\/\\\/cozinhasmicra.com\\\/fr\\\/\",\"logo\":{\"@type\":\"ImageObject\",\"inLanguage\":\"fr-FR\",\"@id\":\"https:\\\/\\\/cozinhasmicra.com\\\/fr\\\/#\\\/schema\\\/logo\\\/image\\\/\",\"url\":\"https:\\\/\\\/cozinhasmicra.com\\\/wp-content\\\/uploads\\\/2025\\\/05\\\/logo_micra.svg\",\"contentUrl\":\"https:\\\/\\\/cozinhasmicra.com\\\/wp-content\\\/uploads\\\/2025\\\/05\\\/logo_micra.svg\",\"width\":1281,\"height\":740,\"caption\":\"Cozinhas Micra\"},\"image\":{\"@id\":\"https:\\\/\\\/cozinhasmicra.com\\\/fr\\\/#\\\/schema\\\/logo\\\/image\\\/\"},\"sameAs\":[\"https:\\\/\\\/www.instagram.com\\\/cozinhasmicra\\\/\",\"https:\\\/\\\/www.linkedin.com\\\/company\\\/cozinhas-micra-s-a-\\\/\"]}]}<\/script>\n<!-- \/ Yoast SEO plugin. -->","yoast_head_json":{"title":"Politique de qualit\u00e9 - Cozinhas Micra","robots":{"index":"index","follow":"follow","max-snippet":"max-snippet:-1","max-image-preview":"max-image-preview:large","max-video-preview":"max-video-preview:-1"},"canonical":"https:\/\/cozinhasmicra.com\/fr\/politique-de-qualite\/","og_locale":"fr_FR","og_type":"article","og_title":"Politique de qualit\u00e9 - Cozinhas Micra","og_description":"Politique de qualit\u00e9 Politique de qualit\u00e9&#8230;","og_url":"https:\/\/cozinhasmicra.com\/fr\/politique-de-qualite\/","og_site_name":"Cozinhas Micra","article_modified_time":"2025-11-11T16:51:43+00:00","twitter_card":"summary_large_image","schema":{"@context":"https:\/\/schema.org","@graph":[{"@type":"WebPage","@id":"https:\/\/cozinhasmicra.com\/fr\/politique-de-qualite\/","url":"https:\/\/cozinhasmicra.com\/fr\/politique-de-qualite\/","name":"Politique de qualit\u00e9 - Cozinhas Micra","isPartOf":{"@id":"https:\/\/cozinhasmicra.com\/fr\/#website"},"datePublished":"2025-11-11T16:49:31+00:00","dateModified":"2025-11-11T16:51:43+00:00","breadcrumb":{"@id":"https:\/\/cozinhasmicra.com\/fr\/politique-de-qualite\/#breadcrumb"},"inLanguage":"fr-FR","potentialAction":[{"@type":"ReadAction","target":["https:\/\/cozinhasmicra.com\/fr\/politique-de-qualite\/"]}]},{"@type":"BreadcrumbList","@id":"https:\/\/cozinhasmicra.com\/fr\/politique-de-qualite\/#breadcrumb","itemListElement":[{"@type":"ListItem","position":1,"name":"In\u00edcio","item":"https:\/\/cozinhasmicra.com\/fr\/accueil\/"},{"@type":"ListItem","position":2,"name":"Politique de qualit\u00e9"}]},{"@type":"WebSite","@id":"https:\/\/cozinhasmicra.com\/fr\/#website","url":"https:\/\/cozinhasmicra.com\/fr\/","name":"Cozinhas Micra","description":"Criamos espa\u00e7os para viver.","publisher":{"@id":"https:\/\/cozinhasmicra.com\/fr\/#organization"},"inLanguage":"fr-FR"},{"@type":"Organization","@id":"https:\/\/cozinhasmicra.com\/fr\/#organization","name":"Cozinhas Micra","url":"https:\/\/cozinhasmicra.com\/fr\/","logo":{"@type":"ImageObject","inLanguage":"fr-FR","@id":"https:\/\/cozinhasmicra.com\/fr\/#\/schema\/logo\/image\/","url":"https:\/\/cozinhasmicra.com\/wp-content\/uploads\/2025\/05\/logo_micra.svg","contentUrl":"https:\/\/cozinhasmicra.com\/wp-content\/uploads\/2025\/05\/logo_micra.svg","width":1281,"height":740,"caption":"Cozinhas Micra"},"image":{"@id":"https:\/\/cozinhasmicra.com\/fr\/#\/schema\/logo\/image\/"},"sameAs":["https:\/\/www.instagram.com\/cozinhasmicra\/","https:\/\/www.linkedin.com\/company\/cozinhas-micra-s-a-\/"]}]}},"_links":{"self":[{"href":"https:\/\/cozinhasmicra.com\/fr\/wp-json\/wp\/v2\/pages\/2361","targetHints":{"allow":["GET"]}}],"collection":[{"href":"https:\/\/cozinhasmicra.com\/fr\/wp-json\/wp\/v2\/pages"}],"about":[{"href":"https:\/\/cozinhasmicra.com\/fr\/wp-json\/wp\/v2\/types\/page"}],"author":[{"embeddable":true,"href":"https:\/\/cozinhasmicra.com\/fr\/wp-json\/wp\/v2\/users\/1"}],"replies":[{"embeddable":true,"href":"https:\/\/cozinhasmicra.com\/fr\/wp-json\/wp\/v2\/comments?post=2361"}],"version-history":[{"count":3,"href":"https:\/\/cozinhasmicra.com\/fr\/wp-json\/wp\/v2\/pages\/2361\/revisions"}],"predecessor-version":[{"id":2372,"href":"https:\/\/cozinhasmicra.com\/fr\/wp-json\/wp\/v2\/pages\/2361\/revisions\/2372"}],"wp:attachment":[{"href":"https:\/\/cozinhasmicra.com\/fr\/wp-json\/wp\/v2\/media?parent=2361"}],"curies":[{"name":"wp","href":"https:\/\/api.w.org\/{rel}","templated":true}]}}