{"id":1769,"date":"2025-05-21T13:20:05","date_gmt":"2025-05-21T13:20:05","guid":{"rendered":"https:\/\/cozinhasmicra.com\/micra\/"},"modified":"2025-11-14T09:23:04","modified_gmt":"2025-11-14T09:23:04","slug":"micra","status":"publish","type":"page","link":"https:\/\/cozinhasmicra.com\/fr\/micra\/","title":{"rendered":"Micra"},"content":{"rendered":"\t\t<div data-elementor-type=\"wp-page\" data-elementor-id=\"1769\" class=\"elementor elementor-1769 elementor-47\">\n\t\t\t\t<div class=\"elementor-element elementor-element-96dff42 e-flex e-con-boxed e-con e-parent\" data-id=\"96dff42\" data-element_type=\"container\" data-e-type=\"container\" data-settings=\"{&quot;background_background&quot;:&quot;classic&quot;,&quot;jet_parallax_layout_list&quot;:[]}\">\n\t\t\t\t\t<div class=\"e-con-inner\">\n\t\t\t\t\t<\/div>\n\t\t\t\t<\/div>\n\t\t<div class=\"elementor-element elementor-element-78172d9 base-padding e-flex e-con-boxed e-con e-parent\" data-id=\"78172d9\" data-element_type=\"container\" data-e-type=\"container\" data-settings=\"{&quot;jet_parallax_layout_list&quot;:[]}\">\n\t\t\t\t\t<div class=\"e-con-inner\">\n\t\t\t\t<div class=\"elementor-element elementor-element-3dba166 elementor-widget__width-initial elementor-widget elementor-widget-heading\" data-id=\"3dba166\" data-element_type=\"widget\" data-e-type=\"widget\" data-widget_type=\"heading.default\">\n\t\t\t\t\t<h1 class=\"elementor-heading-title elementor-size-default\"><strong>Micra<\/strong>, une entreprise de r\u00e9f\u00e9rence dans la production de mobilier<\/h1>\t\t\t\t<\/div>\n\t\t\t\t<div class=\"elementor-element elementor-element-c964bd1 elementor-widget elementor-widget-text-editor\" data-id=\"c964bd1\" data-element_type=\"widget\" data-e-type=\"widget\" data-widget_type=\"text-editor.default\">\n\t\t\t\t\t\t\t\t\t<p>Nous sommes une entreprise 100% portugaise, avec une usine, un si\u00e8ge social et un <em>showroom<\/em> \u00e0 Marinha Grande. Nous nous consacrons principalement \u00e0 la production de cuisines, de placards, de mobilier pour salles de bains, buanderies et garde-manger. <\/p><p>Au fil des ann\u00e9es, notre travail s&rsquo;est distingu\u00e9 non seulement par sa qualit\u00e9 et son <em>design<\/em>, mais aussi par l&rsquo;utilisation de composants des meilleures marques du march\u00e9.<\/p><p>Gr\u00e2ce au <em>savoir-faire<\/em>, \u00e0 l&rsquo;exp\u00e9rience et au d\u00e9vouement de notre \u00e9quipe, ainsi qu&rsquo;\u00e0 l&rsquo;utilisation des technologies les plus r\u00e9centes et \u00e0 la flexibilit\u00e9 de notre syst\u00e8me de production, nous sommes aujourd&rsquo;hui synonymes d&rsquo;innovation, de comp\u00e9tence et de rigueur dans la conception de tous types de mobilier.<\/p>\t\t\t\t\t\t\t\t<\/div>\n\t\t\t\t\t<\/div>\n\t\t\t\t<\/div>\n\t\t<div class=\"elementor-element elementor-element-c8ddb47 e-con-full e-flex e-con e-parent\" data-id=\"c8ddb47\" data-element_type=\"container\" data-e-type=\"container\" data-settings=\"{&quot;jet_parallax_layout_list&quot;:[]}\">\n\t\t<div class=\"elementor-element elementor-element-d6cd1da e-con-full relative-container e-flex e-con e-child\" data-id=\"d6cd1da\" data-element_type=\"container\" data-e-type=\"container\" data-settings=\"{&quot;jet_parallax_layout_list&quot;:[],&quot;background_background&quot;:&quot;classic&quot;}\">\n\t\t\t\t<div class=\"elementor-element elementor-element-3b1a088 since-image elementor-widget elementor-widget-image\" data-id=\"3b1a088\" data-element_type=\"widget\" data-e-type=\"widget\" data-widget_type=\"image.default\">\n\t\t\t\t\t\t\t\t\t\t\t\t\t\t\t<img fetchpriority=\"high\" decoding=\"async\" width=\"1500\" height=\"1125\" src=\"https:\/\/cozinhasmicra.com\/wp-content\/uploads\/2025\/09\/fachada-v2.webp\" class=\"attachment-full size-full wp-image-1771\" alt=\"\" srcset=\"https:\/\/cozinhasmicra.com\/wp-content\/uploads\/2025\/09\/fachada-v2.webp 1500w, https:\/\/cozinhasmicra.com\/wp-content\/uploads\/2025\/09\/fachada-v2-768x576.webp 768w, https:\/\/cozinhasmicra.com\/wp-content\/uploads\/2025\/09\/fachada-v2-600x450.webp 600w\" sizes=\"(max-width: 1500px) 100vw, 1500px\" \/>\t\t\t\t\t\t\t\t\t\t\t\t\t\t\t<\/div>\n\t\t\t\t<\/div>\n\t\t<div class=\"elementor-element elementor-element-1721c15 e-con-full e-flex e-con e-child\" data-id=\"1721c15\" data-element_type=\"container\" data-e-type=\"container\" data-settings=\"{&quot;background_background&quot;:&quot;classic&quot;,&quot;jet_parallax_layout_list&quot;:[]}\">\n\t\t<div class=\"elementor-element elementor-element-2e2a0ed e-con-full e-flex e-con e-child\" data-id=\"2e2a0ed\" data-element_type=\"container\" data-e-type=\"container\" data-settings=\"{&quot;jet_parallax_layout_list&quot;:[]}\">\n\t\t\t\t<div class=\"elementor-element elementor-element-5f4799c elementor-widget elementor-widget-heading\" data-id=\"5f4799c\" data-element_type=\"widget\" data-e-type=\"widget\" data-widget_type=\"heading.default\">\n\t\t\t\t\t<span class=\"elementor-heading-title elementor-size-default\">Depuis 2000<\/span>\t\t\t\t<\/div>\n\t\t\t\t<div class=\"elementor-element elementor-element-ba19590 elementor-widget__width-initial elementor-widget-divider--view-line elementor-widget elementor-widget-divider\" data-id=\"ba19590\" data-element_type=\"widget\" data-e-type=\"widget\" data-widget_type=\"divider.default\">\n\t\t\t\t\t\t\t<div class=\"elementor-divider\">\n\t\t\t<span class=\"elementor-divider-separator\">\n\t\t\t\t\t\t<\/span>\n\t\t<\/div>\n\t\t\t\t\t\t<\/div>\n\t\t\t\t<\/div>\n\t\t\t\t<div class=\"elementor-element elementor-element-314aa2f elementor-widget elementor-widget-heading\" data-id=\"314aa2f\" data-element_type=\"widget\" data-e-type=\"widget\" data-widget_type=\"heading.default\">\n\t\t\t\t\t<h2 class=\"elementor-heading-title elementor-size-default\">Un parcours qui nous remplit de fiert\u00e9<\/h2>\t\t\t\t<\/div>\n\t\t\t\t<div class=\"elementor-element elementor-element-843642d elementor-widget elementor-widget-text-editor\" data-id=\"843642d\" data-element_type=\"widget\" data-e-type=\"widget\" data-widget_type=\"text-editor.default\">\n\t\t\t\t\t\t\t\t\t<p>Tant au Portugal qu&rsquo;en europe, nous sommes reconnus pour notre qualit\u00e9 et notre capacit\u00e9 de production, des aspects tr\u00e8s appr\u00e9ci\u00e9s par nos clients.<\/p><p>Sans aucun doute, notre profil entrepreneurial, notre croissance et notre solidit\u00e9 nous ont valu d&rsquo;importantes distinctions, telles que PME Leader depuis 2009, et PME Excellence en 2011 et 2013.<\/p><p>Tout le mobilier que nous produisons est disponible par collections, qui peuvent \u00eatre personnalis\u00e9es selon les exigences de chaque client, en privil\u00e9giant des solutions fonctionnelles, cr\u00e9atives et innovantes.<\/p>\t\t\t\t\t\t\t\t<\/div>\n\t\t\t\t<\/div>\n\t\t\t\t<\/div>\n\t\t<div class=\"elementor-element elementor-element-5c2d29e base-padding e-flex e-con-boxed e-con e-parent\" data-id=\"5c2d29e\" data-element_type=\"container\" data-e-type=\"container\" data-settings=\"{&quot;background_background&quot;:&quot;classic&quot;,&quot;jet_parallax_layout_list&quot;:[]}\">\n\t\t\t\t\t<div class=\"e-con-inner\">\n\t\t\t\t<div class=\"elementor-element elementor-element-d990104 elementor-widget elementor-widget-heading\" data-id=\"d990104\" data-element_type=\"widget\" data-e-type=\"widget\" data-widget_type=\"heading.default\">\n\t\t\t\t\t<h3 class=\"elementor-heading-title elementor-size-default\">Nous apportons <strong>fonctionnalit\u00e9 et \u00e9l\u00e9gance<\/strong> \u00e0 votre espace.<\/h3>\t\t\t\t<\/div>\n\t\t\t\t\t<\/div>\n\t\t\t\t<\/div>\n\t\t\t\t<\/div>\n\t\t","protected":false},"excerpt":{"rendered":"<p>Micra, une entreprise de r\u00e9f\u00e9rence dans la production de mobilier Nous sommes une entreprise 100% portugaise, avec une usine, un si\u00e8ge social et un showroom \u00e0 Marinha Grande. Nous nous consacrons principalement \u00e0 la production de cuisines, de placards, de mobilier pour salles de bains, buanderies et garde-manger. Au fil des ann\u00e9es, notre travail s&rsquo;est [&hellip;]<\/p>\n","protected":false},"author":1,"featured_media":0,"parent":0,"menu_order":0,"comment_status":"closed","ping_status":"closed","template":"","meta":{"footnotes":""},"class_list":["post-1769","page","type-page","status-publish","hentry"],"yoast_head":"<!-- This site is optimized with the Yoast SEO plugin v27.4 - https:\/\/yoast.com\/product\/yoast-seo-wordpress\/ -->\n<title>Micra - Cozinhas Micra<\/title>\n<meta name=\"description\" content=\"Nous sommes une entreprise 100% portugaise. Nous nous consacrons principalement \u00e0 la production de cuisines, de placards, de mobilier pour salles de bains, buanderies et garde-manger.\" \/>\n<meta name=\"robots\" content=\"index, follow, max-snippet:-1, max-image-preview:large, max-video-preview:-1\" \/>\n<link rel=\"canonical\" href=\"https:\/\/cozinhasmicra.com\/fr\/micra\/\" \/>\n<meta property=\"og:locale\" content=\"fr_FR\" \/>\n<meta property=\"og:type\" content=\"article\" \/>\n<meta property=\"og:title\" content=\"Micra - Cozinhas Micra\" \/>\n<meta property=\"og:description\" content=\"Nous sommes une entreprise 100% portugaise. Nous nous consacrons principalement \u00e0 la production de cuisines, de placards, de mobilier pour salles de bains, buanderies et garde-manger.\" \/>\n<meta property=\"og:url\" content=\"https:\/\/cozinhasmicra.com\/fr\/micra\/\" \/>\n<meta property=\"og:site_name\" content=\"Cozinhas Micra\" \/>\n<meta property=\"article:modified_time\" content=\"2025-11-14T09:23:04+00:00\" \/>\n<meta property=\"og:image\" content=\"https:\/\/cozinhasmicra.com\/wp-content\/uploads\/2025\/09\/fachada-v2.webp\" \/>\n\t<meta property=\"og:image:width\" content=\"1500\" \/>\n\t<meta property=\"og:image:height\" content=\"1125\" \/>\n\t<meta property=\"og:image:type\" content=\"image\/webp\" \/>\n<meta name=\"twitter:card\" content=\"summary_large_image\" \/>\n<meta name=\"twitter:label1\" content=\"Dur\u00e9e de lecture estim\u00e9e\" \/>\n\t<meta name=\"twitter:data1\" content=\"1 minute\" \/>\n<script type=\"application\/ld+json\" class=\"yoast-schema-graph\">{\"@context\":\"https:\\\/\\\/schema.org\",\"@graph\":[{\"@type\":\"WebPage\",\"@id\":\"https:\\\/\\\/cozinhasmicra.com\\\/fr\\\/micra\\\/\",\"url\":\"https:\\\/\\\/cozinhasmicra.com\\\/fr\\\/micra\\\/\",\"name\":\"Micra - Cozinhas Micra\",\"isPartOf\":{\"@id\":\"https:\\\/\\\/cozinhasmicra.com\\\/fr\\\/#website\"},\"primaryImageOfPage\":{\"@id\":\"https:\\\/\\\/cozinhasmicra.com\\\/fr\\\/micra\\\/#primaryimage\"},\"image\":{\"@id\":\"https:\\\/\\\/cozinhasmicra.com\\\/fr\\\/micra\\\/#primaryimage\"},\"thumbnailUrl\":\"https:\\\/\\\/cozinhasmicra.com\\\/wp-content\\\/uploads\\\/2025\\\/09\\\/fachada-v2.webp\",\"datePublished\":\"2025-05-21T13:20:05+00:00\",\"dateModified\":\"2025-11-14T09:23:04+00:00\",\"description\":\"Nous sommes une entreprise 100% portugaise. Nous nous consacrons principalement \u00e0 la production de cuisines, de placards, de mobilier pour salles de bains, buanderies et garde-manger.\",\"breadcrumb\":{\"@id\":\"https:\\\/\\\/cozinhasmicra.com\\\/fr\\\/micra\\\/#breadcrumb\"},\"inLanguage\":\"fr-FR\",\"potentialAction\":[{\"@type\":\"ReadAction\",\"target\":[\"https:\\\/\\\/cozinhasmicra.com\\\/fr\\\/micra\\\/\"]}]},{\"@type\":\"ImageObject\",\"inLanguage\":\"fr-FR\",\"@id\":\"https:\\\/\\\/cozinhasmicra.com\\\/fr\\\/micra\\\/#primaryimage\",\"url\":\"https:\\\/\\\/cozinhasmicra.com\\\/wp-content\\\/uploads\\\/2025\\\/09\\\/fachada-v2.webp\",\"contentUrl\":\"https:\\\/\\\/cozinhasmicra.com\\\/wp-content\\\/uploads\\\/2025\\\/09\\\/fachada-v2.webp\"},{\"@type\":\"BreadcrumbList\",\"@id\":\"https:\\\/\\\/cozinhasmicra.com\\\/fr\\\/micra\\\/#breadcrumb\",\"itemListElement\":[{\"@type\":\"ListItem\",\"position\":1,\"name\":\"In\u00edcio\",\"item\":\"https:\\\/\\\/cozinhasmicra.com\\\/fr\\\/accueil\\\/\"},{\"@type\":\"ListItem\",\"position\":2,\"name\":\"Micra\"}]},{\"@type\":\"WebSite\",\"@id\":\"https:\\\/\\\/cozinhasmicra.com\\\/fr\\\/#website\",\"url\":\"https:\\\/\\\/cozinhasmicra.com\\\/fr\\\/\",\"name\":\"Cozinhas Micra\",\"description\":\"Criamos espa\u00e7os para viver.\",\"publisher\":{\"@id\":\"https:\\\/\\\/cozinhasmicra.com\\\/fr\\\/#organization\"},\"inLanguage\":\"fr-FR\"},{\"@type\":\"Organization\",\"@id\":\"https:\\\/\\\/cozinhasmicra.com\\\/fr\\\/#organization\",\"name\":\"Cozinhas Micra\",\"url\":\"https:\\\/\\\/cozinhasmicra.com\\\/fr\\\/\",\"logo\":{\"@type\":\"ImageObject\",\"inLanguage\":\"fr-FR\",\"@id\":\"https:\\\/\\\/cozinhasmicra.com\\\/fr\\\/#\\\/schema\\\/logo\\\/image\\\/\",\"url\":\"https:\\\/\\\/cozinhasmicra.com\\\/wp-content\\\/uploads\\\/2025\\\/05\\\/logo_micra.svg\",\"contentUrl\":\"https:\\\/\\\/cozinhasmicra.com\\\/wp-content\\\/uploads\\\/2025\\\/05\\\/logo_micra.svg\",\"width\":1281,\"height\":740,\"caption\":\"Cozinhas Micra\"},\"image\":{\"@id\":\"https:\\\/\\\/cozinhasmicra.com\\\/fr\\\/#\\\/schema\\\/logo\\\/image\\\/\"},\"sameAs\":[\"https:\\\/\\\/www.instagram.com\\\/cozinhasmicra\\\/\",\"https:\\\/\\\/www.linkedin.com\\\/company\\\/cozinhas-micra-s-a-\\\/\"]}]}<\/script>\n<!-- \/ Yoast SEO plugin. -->","yoast_head_json":{"title":"Micra - Cozinhas Micra","description":"Nous sommes une entreprise 100% portugaise. Nous nous consacrons principalement \u00e0 la production de cuisines, de placards, de mobilier pour salles de bains, buanderies et garde-manger.","robots":{"index":"index","follow":"follow","max-snippet":"max-snippet:-1","max-image-preview":"max-image-preview:large","max-video-preview":"max-video-preview:-1"},"canonical":"https:\/\/cozinhasmicra.com\/fr\/micra\/","og_locale":"fr_FR","og_type":"article","og_title":"Micra - Cozinhas Micra","og_description":"Nous sommes une entreprise 100% portugaise. Nous nous consacrons principalement \u00e0 la production de cuisines, de placards, de mobilier pour salles de bains, buanderies et garde-manger.","og_url":"https:\/\/cozinhasmicra.com\/fr\/micra\/","og_site_name":"Cozinhas Micra","article_modified_time":"2025-11-14T09:23:04+00:00","og_image":[{"width":1500,"height":1125,"url":"https:\/\/cozinhasmicra.com\/wp-content\/uploads\/2025\/09\/fachada-v2.webp","type":"image\/webp"}],"twitter_card":"summary_large_image","twitter_misc":{"Dur\u00e9e de lecture estim\u00e9e":"1 minute"},"schema":{"@context":"https:\/\/schema.org","@graph":[{"@type":"WebPage","@id":"https:\/\/cozinhasmicra.com\/fr\/micra\/","url":"https:\/\/cozinhasmicra.com\/fr\/micra\/","name":"Micra - Cozinhas Micra","isPartOf":{"@id":"https:\/\/cozinhasmicra.com\/fr\/#website"},"primaryImageOfPage":{"@id":"https:\/\/cozinhasmicra.com\/fr\/micra\/#primaryimage"},"image":{"@id":"https:\/\/cozinhasmicra.com\/fr\/micra\/#primaryimage"},"thumbnailUrl":"https:\/\/cozinhasmicra.com\/wp-content\/uploads\/2025\/09\/fachada-v2.webp","datePublished":"2025-05-21T13:20:05+00:00","dateModified":"2025-11-14T09:23:04+00:00","description":"Nous sommes une entreprise 100% portugaise. Nous nous consacrons principalement \u00e0 la production de cuisines, de placards, de mobilier pour salles de bains, buanderies et garde-manger.","breadcrumb":{"@id":"https:\/\/cozinhasmicra.com\/fr\/micra\/#breadcrumb"},"inLanguage":"fr-FR","potentialAction":[{"@type":"ReadAction","target":["https:\/\/cozinhasmicra.com\/fr\/micra\/"]}]},{"@type":"ImageObject","inLanguage":"fr-FR","@id":"https:\/\/cozinhasmicra.com\/fr\/micra\/#primaryimage","url":"https:\/\/cozinhasmicra.com\/wp-content\/uploads\/2025\/09\/fachada-v2.webp","contentUrl":"https:\/\/cozinhasmicra.com\/wp-content\/uploads\/2025\/09\/fachada-v2.webp"},{"@type":"BreadcrumbList","@id":"https:\/\/cozinhasmicra.com\/fr\/micra\/#breadcrumb","itemListElement":[{"@type":"ListItem","position":1,"name":"In\u00edcio","item":"https:\/\/cozinhasmicra.com\/fr\/accueil\/"},{"@type":"ListItem","position":2,"name":"Micra"}]},{"@type":"WebSite","@id":"https:\/\/cozinhasmicra.com\/fr\/#website","url":"https:\/\/cozinhasmicra.com\/fr\/","name":"Cozinhas Micra","description":"Criamos espa\u00e7os para viver.","publisher":{"@id":"https:\/\/cozinhasmicra.com\/fr\/#organization"},"inLanguage":"fr-FR"},{"@type":"Organization","@id":"https:\/\/cozinhasmicra.com\/fr\/#organization","name":"Cozinhas Micra","url":"https:\/\/cozinhasmicra.com\/fr\/","logo":{"@type":"ImageObject","inLanguage":"fr-FR","@id":"https:\/\/cozinhasmicra.com\/fr\/#\/schema\/logo\/image\/","url":"https:\/\/cozinhasmicra.com\/wp-content\/uploads\/2025\/05\/logo_micra.svg","contentUrl":"https:\/\/cozinhasmicra.com\/wp-content\/uploads\/2025\/05\/logo_micra.svg","width":1281,"height":740,"caption":"Cozinhas Micra"},"image":{"@id":"https:\/\/cozinhasmicra.com\/fr\/#\/schema\/logo\/image\/"},"sameAs":["https:\/\/www.instagram.com\/cozinhasmicra\/","https:\/\/www.linkedin.com\/company\/cozinhas-micra-s-a-\/"]}]}},"_links":{"self":[{"href":"https:\/\/cozinhasmicra.com\/fr\/wp-json\/wp\/v2\/pages\/1769","targetHints":{"allow":["GET"]}}],"collection":[{"href":"https:\/\/cozinhasmicra.com\/fr\/wp-json\/wp\/v2\/pages"}],"about":[{"href":"https:\/\/cozinhasmicra.com\/fr\/wp-json\/wp\/v2\/types\/page"}],"author":[{"embeddable":true,"href":"https:\/\/cozinhasmicra.com\/fr\/wp-json\/wp\/v2\/users\/1"}],"replies":[{"embeddable":true,"href":"https:\/\/cozinhasmicra.com\/fr\/wp-json\/wp\/v2\/comments?post=1769"}],"version-history":[{"count":4,"href":"https:\/\/cozinhasmicra.com\/fr\/wp-json\/wp\/v2\/pages\/1769\/revisions"}],"predecessor-version":[{"id":2430,"href":"https:\/\/cozinhasmicra.com\/fr\/wp-json\/wp\/v2\/pages\/1769\/revisions\/2430"}],"wp:attachment":[{"href":"https:\/\/cozinhasmicra.com\/fr\/wp-json\/wp\/v2\/media?parent=1769"}],"curies":[{"name":"wp","href":"https:\/\/api.w.org\/{rel}","templated":true}]}}